{"id":199,"date":"2024-08-26T16:56:39","date_gmt":"2024-08-26T16:56:39","guid":{"rendered":"https:\/\/live-project.fr\/home\/?page_id=199"},"modified":"2024-09-15T19:22:30","modified_gmt":"2024-09-15T19:22:30","slug":"blog","status":"publish","type":"page","link":"https:\/\/live-project.fr\/index.php\/blog\/","title":{"rendered":""},"content":{"rendered":"\t\t<div data-elementor-type=\"wp-page\" data-elementor-id=\"199\" class=\"elementor elementor-199\">\n\t\t\t\t<div class=\"elementor-element elementor-element-f59c2e1 e-con-full e-flex e-con e-parent\" data-id=\"f59c2e1\" data-element_type=\"container\">\n\t\t\t\t<div class=\"elementor-element elementor-element-f48ba35 elementor-widget elementor-widget-heading\" data-id=\"f48ba35\" data-element_type=\"widget\" data-widget_type=\"heading.default\">\n\t\t\t\t<div class=\"elementor-widget-container\">\n\t\t\t<style>\/*! elementor - v3.23.0 - 05-08-2024 *\/\n.elementor-heading-title{padding:0;margin:0;line-height:1}.elementor-widget-heading .elementor-heading-title[class*=elementor-size-]>a{color:inherit;font-size:inherit;line-height:inherit}.elementor-widget-heading .elementor-heading-title.elementor-size-small{font-size:15px}.elementor-widget-heading .elementor-heading-title.elementor-size-medium{font-size:19px}.elementor-widget-heading .elementor-heading-title.elementor-size-large{font-size:29px}.elementor-widget-heading .elementor-heading-title.elementor-size-xl{font-size:39px}.elementor-widget-heading .elementor-heading-title.elementor-size-xxl{font-size:59px}<\/style><h2 class=\"elementor-heading-title elementor-size-default\">TUTO<\/h2>\t\t<\/div>\n\t\t\t\t<\/div>\n\t\t\t\t<\/div>\n\t\t<div class=\"elementor-element elementor-element-16228ca e-con-full e-flex e-con e-parent\" data-id=\"16228ca\" data-element_type=\"container\">\n\t\t\t\t<div class=\"elementor-element elementor-element-1742fac tpg-border-bottom-enable meta-visibility-show title_position_default title_hover_border_default title-default img_hover_animation_default meta_position_default readmore-btn-default-style grid-hover-overlay-type-always tpg-el-box-border-enable elementor-widget elementor-widget-tpg-grid-layout\" data-id=\"1742fac\" data-element_type=\"widget\" data-widget_type=\"tpg-grid-layout.default\">\n\t\t\t\t<div class=\"elementor-widget-container\">\n\t\t\t\t\t<div class=\"rt-container-fluid rt-tpg-container tpg-el-main-wrapper clearfix grid-layout1-main \"\n\t\t\t id=\"rt-tpg-container-2695647218\"\n\t\t\t data-layout=\"grid-layout1\"\n\t\t\t data-grid-style=\"tpg-full-height\"\n\t\t\t data-sc-id=\"elementor\"\n\t\t\t data-el-settings=''\n\t\t\t data-el-query=''\n\t\t\t data-el-path=''\n\t\t>\n\n\t\t\t\t\t\t<div class='tpg-header-wrapper '>\n\t\t\t\t\t\t\t<\/div>\n\n\t\t\t<div data-title=\"Loading ...\" class=\"rt-row rt-content-loader grid-layout1 grid-behaviour tpg-full-height grid_layout_wrapper\">\n\t\t\t\t<div class=\"rt-col-md-4 rt-col-sm-6 rt-col-xs-12 default rt-grid-item post-603 post type-post status-publish format-standard hentry category-uncategorized\"\t\tdata-id=\"603\">\n\t<div class=\"rt-holder tpg-post-holder\">\n\t\t<div class=\"rt-detail rt-el-content-wrapper\">\n\t\t\t\t\t\t\t<div class=\"rt-img-holder tpg-el-image-wrap has-no-thumbnail\">\n\t\t\t\t\t<a data-id=\"603\" href=\"https:\/\/live-project.fr\/index.php\/2024\/08\/31\/faq\/\" class=\"tpg-post-link\" target=\"_self\"><img fetchpriority=\"high\" class='rt-img-responsive' src='https:\/\/live-project.fr\/wp-content\/uploads\/2024\/08\/faq-banner-icon-in-flat-style-question-illustration-on-white-isolated-background-communication-sign-business-concept-vector-768x492.webp' width=\"768\" height=\"492\" alt='FAQs'>\t\t\n\t\t<\/a>\n\t\t        <div class=\"overlay grid-hover-content\"><\/div>\n\t\t\t\t\t\t<\/div>\n\t\t\t\n\t\t\t<div class=\"entry-title-wrapper\"><h3 class=\"entry-title\"><a data-id=\"603\" href=\"https:\/\/live-project.fr\/index.php\/2024\/08\/31\/faq\/\" class=\"tpg-post-link\" target=\"_self\">FAQs<\/a><\/h3><\/div>\n\t\t\t\t\t\t\t<div class=\"post-meta-tags rt-el-post-meta\">\n\t\t\t\t\t            <span class='date'>\n\t\t\t\t<i class='far fa-calendar-alt '><\/i>\t\t\t\t<a href=\"https:\/\/live-project.fr\/index.php\/2024\/08\/31\/\">\n\t\t\t\t\tAugust 31, 2024\t\t\t\t<\/a>\n\t\t\t<\/span>\n\t\t\t\t\t\t\t<\/div>\n\t\t\t\n\n\t\t\t\t\t\t\t<div class=\"tpg-excerpt tpg-el-excerpt\">\n\t\t\t\t\t\t\t\t\t\t\t<div class=\"tpg-excerpt-inner\">\n\t\t\t\t\t\t\tFAQs &#8211; Foire Aux Questions...\t\t\t\t\t\t<\/div>\n\t\t\t\t\t\t\t\t\t\t\t\t\t\t<\/div>\n\t\t\t\n\t\t\t        <div class=\"post-footer\">\n            <div class=\"post-footer\">\n                <div class=\"read-more\">\n\t\t\t\t\t<a data-id=\"603\" href=\"https:\/\/live-project.fr\/index.php\/2024\/08\/31\/faq\/\" class=\"tpg-post-link\" target=\"_self\">En Savoir Plus<\/a>                <\/div>\n            <\/div>\n        <\/div>\n\t\t\t\t<\/div>\n\t<\/div>\n<\/div>\n<div class=\"rt-col-md-4 rt-col-sm-6 rt-col-xs-12 default rt-grid-item post-574 post type-post status-publish format-standard hentry category-uncategorized\"\t\tdata-id=\"574\">\n\t<div class=\"rt-holder tpg-post-holder\">\n\t\t<div class=\"rt-detail rt-el-content-wrapper\">\n\t\t\t\t\t\t\t<div class=\"rt-img-holder tpg-el-image-wrap has-no-thumbnail\">\n\t\t\t\t\t<a data-id=\"574\" href=\"https:\/\/live-project.fr\/index.php\/2024\/08\/31\/comment-etre-partenaire\/\" class=\"tpg-post-link\" target=\"_self\"><img class='rt-img-responsive' src='https:\/\/live-project.fr\/wp-content\/uploads\/2024\/08\/iStock-1180562750-768x492.webp' width=\"768\" height=\"492\" alt='Comment \u00eatre partenaire ?'>\t\t\n\t\t<\/a>\n\t\t        <div class=\"overlay grid-hover-content\"><\/div>\n\t\t\t\t\t\t<\/div>\n\t\t\t\n\t\t\t<div class=\"entry-title-wrapper\"><h3 class=\"entry-title\"><a data-id=\"574\" href=\"https:\/\/live-project.fr\/index.php\/2024\/08\/31\/comment-etre-partenaire\/\" class=\"tpg-post-link\" target=\"_self\">Comment \u00eatre partenaire ?<\/a><\/h3><\/div>\n\t\t\t\t\t\t\t<div class=\"post-meta-tags rt-el-post-meta\">\n\t\t\t\t\t            <span class='date'>\n\t\t\t\t<i class='far fa-calendar-alt '><\/i>\t\t\t\t<a href=\"https:\/\/live-project.fr\/index.php\/2024\/08\/31\/\">\n\t\t\t\t\tAugust 31, 2024\t\t\t\t<\/a>\n\t\t\t<\/span>\n\t\t\t\t\t\t\t<\/div>\n\t\t\t\n\n\t\t\t\t\t\t\t<div class=\"tpg-excerpt tpg-el-excerpt\">\n\t\t\t\t\t\t\t\t\t\t\t<div class=\"tpg-excerpt-inner\">\n\t\t\t\t\t\t\tComment \u00eatre partenaire ? Pour \u00eatre partenaire de nous et vendre vos produits en direct, vous devez nous contacter via notre canal Messenger. Vous pouvez nous envoyer un message directement ou cliquer...\t\t\t\t\t\t<\/div>\n\t\t\t\t\t\t\t\t\t\t\t\t\t\t<\/div>\n\t\t\t\n\t\t\t        <div class=\"post-footer\">\n            <div class=\"post-footer\">\n                <div class=\"read-more\">\n\t\t\t\t\t<a data-id=\"574\" href=\"https:\/\/live-project.fr\/index.php\/2024\/08\/31\/comment-etre-partenaire\/\" class=\"tpg-post-link\" target=\"_self\">En Savoir Plus<\/a>                <\/div>\n            <\/div>\n        <\/div>\n\t\t\t\t<\/div>\n\t<\/div>\n<\/div>\n<div class=\"rt-col-md-4 rt-col-sm-6 rt-col-xs-12 default rt-grid-item post-547 post type-post status-publish format-standard hentry category-uncategorized\"\t\tdata-id=\"547\">\n\t<div class=\"rt-holder tpg-post-holder\">\n\t\t<div class=\"rt-detail rt-el-content-wrapper\">\n\t\t\t\t\t\t\t<div class=\"rt-img-holder tpg-el-image-wrap has-no-thumbnail\">\n\t\t\t\t\t<a data-id=\"547\" href=\"https:\/\/live-project.fr\/index.php\/2024\/08\/31\/acheter-un-produit-en-live\/\" class=\"tpg-post-link\" target=\"_self\"><img class='rt-img-responsive' src='https:\/\/live-project.fr\/wp-content\/uploads\/2024\/08\/609a695d49932b001dce1ce5-768x492.webp' width=\"768\" height=\"492\" alt='Acheter un produit en Live'>\t\t\n\t\t<\/a>\n\t\t        <div class=\"overlay grid-hover-content\"><\/div>\n\t\t\t\t\t\t<\/div>\n\t\t\t\n\t\t\t<div class=\"entry-title-wrapper\"><h3 class=\"entry-title\"><a data-id=\"547\" href=\"https:\/\/live-project.fr\/index.php\/2024\/08\/31\/acheter-un-produit-en-live\/\" class=\"tpg-post-link\" target=\"_self\">Acheter un produit en Live<\/a><\/h3><\/div>\n\t\t\t\t\t\t\t<div class=\"post-meta-tags rt-el-post-meta\">\n\t\t\t\t\t            <span class='date'>\n\t\t\t\t<i class='far fa-calendar-alt '><\/i>\t\t\t\t<a href=\"https:\/\/live-project.fr\/index.php\/2024\/08\/31\/\">\n\t\t\t\t\tAugust 31, 2024\t\t\t\t<\/a>\n\t\t\t<\/span>\n\t\t\t\t\t\t\t<\/div>\n\t\t\t\n\n\t\t\t\t\t\t\t<div class=\"tpg-excerpt tpg-el-excerpt\">\n\t\t\t\t\t\t\t\t\t\t\t<div class=\"tpg-excerpt-inner\">\n\t\t\t\t\t\t\tAcheter un produit en Live Pour acheter un produit pendant le live, vous devez d\u2019abord vous inscrire au live. Si vous ne savez pas comment rejoindre des lives, cliquez ici. Apr\u00e8s avoir rejoint le...\t\t\t\t\t\t<\/div>\n\t\t\t\t\t\t\t\t\t\t\t\t\t\t<\/div>\n\t\t\t\n\t\t\t        <div class=\"post-footer\">\n            <div class=\"post-footer\">\n                <div class=\"read-more\">\n\t\t\t\t\t<a data-id=\"547\" href=\"https:\/\/live-project.fr\/index.php\/2024\/08\/31\/acheter-un-produit-en-live\/\" class=\"tpg-post-link\" target=\"_self\">En Savoir Plus<\/a>                <\/div>\n            <\/div>\n        <\/div>\n\t\t\t\t<\/div>\n\t<\/div>\n<\/div>\n<div class=\"rt-col-md-4 rt-col-sm-6 rt-col-xs-12 default rt-grid-item post-510 post type-post status-publish format-standard hentry category-uncategorized\"\t\tdata-id=\"510\">\n\t<div class=\"rt-holder tpg-post-holder\">\n\t\t<div class=\"rt-detail rt-el-content-wrapper\">\n\t\t\t\t\t\t\t<div class=\"rt-img-holder tpg-el-image-wrap has-no-thumbnail\">\n\t\t\t\t\t<a data-id=\"510\" href=\"https:\/\/live-project.fr\/index.php\/2024\/08\/31\/comment-rejoindre-un-live\/\" class=\"tpg-post-link\" target=\"_self\"><img loading=\"lazy\" class='rt-img-responsive' src='https:\/\/live-project.fr\/wp-content\/uploads\/2024\/08\/blog_hero_live_selling_on_facebook_1200x675___1-1-1024x576-1-768x492.png' width=\"768\" height=\"492\" alt='Comment rejoindre un live'>\t\t\n\t\t<\/a>\n\t\t        <div class=\"overlay grid-hover-content\"><\/div>\n\t\t\t\t\t\t<\/div>\n\t\t\t\n\t\t\t<div class=\"entry-title-wrapper\"><h3 class=\"entry-title\"><a data-id=\"510\" href=\"https:\/\/live-project.fr\/index.php\/2024\/08\/31\/comment-rejoindre-un-live\/\" class=\"tpg-post-link\" target=\"_self\">Comment rejoindre un live<\/a><\/h3><\/div>\n\t\t\t\t\t\t\t<div class=\"post-meta-tags rt-el-post-meta\">\n\t\t\t\t\t            <span class='date'>\n\t\t\t\t<i class='far fa-calendar-alt '><\/i>\t\t\t\t<a href=\"https:\/\/live-project.fr\/index.php\/2024\/08\/31\/\">\n\t\t\t\t\tAugust 31, 2024\t\t\t\t<\/a>\n\t\t\t<\/span>\n\t\t\t\t\t\t\t<\/div>\n\t\t\t\n\n\t\t\t\t\t\t\t<div class=\"tpg-excerpt tpg-el-excerpt\">\n\t\t\t\t\t\t\t\t\t\t\t<div class=\"tpg-excerpt-inner\">\n\t\t\t\t\t\t\tComment rejoindre un live Pour rejoindre une diffusion en direct \u00e0 regarder, vous devez nous contacter via notre canal Messenger. Vous pouvez nous envoyer un message directement ou cliquer sur le...\t\t\t\t\t\t<\/div>\n\t\t\t\t\t\t\t\t\t\t\t\t\t\t<\/div>\n\t\t\t\n\t\t\t        <div class=\"post-footer\">\n            <div class=\"post-footer\">\n                <div class=\"read-more\">\n\t\t\t\t\t<a data-id=\"510\" href=\"https:\/\/live-project.fr\/index.php\/2024\/08\/31\/comment-rejoindre-un-live\/\" class=\"tpg-post-link\" target=\"_self\">En Savoir Plus<\/a>                <\/div>\n            <\/div>\n        <\/div>\n\t\t\t\t<\/div>\n\t<\/div>\n<\/div>\n<div class=\"rt-col-md-4 rt-col-sm-6 rt-col-xs-12 default rt-grid-item post-448 post type-post status-publish format-standard hentry category-uncategorized\"\t\tdata-id=\"448\">\n\t<div class=\"rt-holder tpg-post-holder\">\n\t\t<div class=\"rt-detail rt-el-content-wrapper\">\n\t\t\t\t\t\t\t<div class=\"rt-img-holder tpg-el-image-wrap has-no-thumbnail\">\n\t\t\t\t\t<a data-id=\"448\" href=\"https:\/\/live-project.fr\/index.php\/2024\/08\/29\/tutoriel-pour-les-participants\/\" class=\"tpg-post-link\" target=\"_self\"><img loading=\"lazy\" class='rt-img-responsive' src='https:\/\/live-project.fr\/wp-content\/uploads\/2024\/08\/Screen-Shot-2018-04-12-at-2.14.28-PM-1-1.png' width=\"1600\" height=\"1024\" alt='Tutoriel pour les Participants'>\t\t\n\t\t<\/a>\n\t\t        <div class=\"overlay grid-hover-content\"><\/div>\n\t\t\t\t\t\t<\/div>\n\t\t\t\n\t\t\t<div class=\"entry-title-wrapper\"><h3 class=\"entry-title\"><a data-id=\"448\" href=\"https:\/\/live-project.fr\/index.php\/2024\/08\/29\/tutoriel-pour-les-participants\/\" class=\"tpg-post-link\" target=\"_self\">Tutoriel pour les Participants<\/a><\/h3><\/div>\n\t\t\t\t\t\t\t<div class=\"post-meta-tags rt-el-post-meta\">\n\t\t\t\t\t            <span class='date'>\n\t\t\t\t<i class='far fa-calendar-alt '><\/i>\t\t\t\t<a href=\"https:\/\/live-project.fr\/index.php\/2024\/08\/29\/\">\n\t\t\t\t\tAugust 29, 2024\t\t\t\t<\/a>\n\t\t\t<\/span>\n\t\t\t\t\t\t\t<\/div>\n\t\t\t\n\n\t\t\t\t\t\t\t<div class=\"tpg-excerpt tpg-el-excerpt\">\n\t\t\t\t\t\t\t\t\t\t\t<div class=\"tpg-excerpt-inner\">\n\t\t\t\t\t\t\tTutoriel pour les Participants 1. Pr\u00e9paration du Mat\u00e9riel Avant de rejoindre la diffusion en direct, assurez-vous d&#8217;avoir le mat\u00e9riel n\u00e9cessaire et de l&#8217;avoir bien configur\u00e9.Mat\u00e9riel...\t\t\t\t\t\t<\/div>\n\t\t\t\t\t\t\t\t\t\t\t\t\t\t<\/div>\n\t\t\t\n\t\t\t        <div class=\"post-footer\">\n            <div class=\"post-footer\">\n                <div class=\"read-more\">\n\t\t\t\t\t<a data-id=\"448\" href=\"https:\/\/live-project.fr\/index.php\/2024\/08\/29\/tutoriel-pour-les-participants\/\" class=\"tpg-post-link\" target=\"_self\">En Savoir Plus<\/a>                <\/div>\n            <\/div>\n        <\/div>\n\t\t\t\t<\/div>\n\t<\/div>\n<\/div>\n<div class=\"rt-col-md-4 rt-col-sm-6 rt-col-xs-12 default rt-grid-item post-426 post type-post status-publish format-standard hentry category-uncategorized\"\t\tdata-id=\"426\">\n\t<div class=\"rt-holder tpg-post-holder\">\n\t\t<div class=\"rt-detail rt-el-content-wrapper\">\n\t\t\t\t\t\t\t<div class=\"rt-img-holder tpg-el-image-wrap has-no-thumbnail\">\n\t\t\t\t\t<a data-id=\"426\" href=\"https:\/\/live-project.fr\/index.php\/2024\/08\/28\/gerer-les-ventes-en-direct\/\" class=\"tpg-post-link\" target=\"_self\"><img loading=\"lazy\" class='rt-img-responsive' src='https:\/\/live-project.fr\/wp-content\/uploads\/2024\/08\/Screen-Shot-2018-04-12-at-2.14.28-PM-1-1-1.png' width=\"1600\" height=\"1024\" alt='G\u00e9rer les ventes en direct'>\t\t\n\t\t<\/a>\n\t\t        <div class=\"overlay grid-hover-content\"><\/div>\n\t\t\t\t\t\t<\/div>\n\t\t\t\n\t\t\t<div class=\"entry-title-wrapper\"><h3 class=\"entry-title\"><a data-id=\"426\" href=\"https:\/\/live-project.fr\/index.php\/2024\/08\/28\/gerer-les-ventes-en-direct\/\" class=\"tpg-post-link\" target=\"_self\">G\u00e9rer les ventes en direct<\/a><\/h3><\/div>\n\t\t\t\t\t\t\t<div class=\"post-meta-tags rt-el-post-meta\">\n\t\t\t\t\t            <span class='date'>\n\t\t\t\t<i class='far fa-calendar-alt '><\/i>\t\t\t\t<a href=\"https:\/\/live-project.fr\/index.php\/2024\/08\/28\/\">\n\t\t\t\t\tAugust 28, 2024\t\t\t\t<\/a>\n\t\t\t<\/span>\n\t\t\t\t\t\t\t<\/div>\n\t\t\t\n\n\t\t\t\t\t\t\t<div class=\"tpg-excerpt tpg-el-excerpt\">\n\t\t\t\t\t\t\t\t\t\t\t<div class=\"tpg-excerpt-inner\">\n\t\t\t\t\t\t\tG\u00e9rer les ventes en direct G\u00e9rer les ventes en direct pendant un live sur Facebook peut \u00eatre une t\u00e2che complexe mais efficace pour augmenter vos ventes et interagir directement avec vos clients. Voici...\t\t\t\t\t\t<\/div>\n\t\t\t\t\t\t\t\t\t\t\t\t\t\t<\/div>\n\t\t\t\n\t\t\t        <div class=\"post-footer\">\n            <div class=\"post-footer\">\n                <div class=\"read-more\">\n\t\t\t\t\t<a data-id=\"426\" href=\"https:\/\/live-project.fr\/index.php\/2024\/08\/28\/gerer-les-ventes-en-direct\/\" class=\"tpg-post-link\" target=\"_self\">En Savoir Plus<\/a>                <\/div>\n            <\/div>\n        <\/div>\n\t\t\t\t<\/div>\n\t<\/div>\n<\/div>\n\t\t\t<\/div>\n\t\t\t\n\t\t<\/div>\n\t\t\t\t<\/div>\n\t\t\t\t<\/div>\n\t\t\t\t<\/div>\n\t\t\t\t<\/div>\n\t\t","protected":false},"excerpt":{"rendered":"<p>TUTO FAQs August 31, 2024 FAQs &#8211; Foire Aux Questions&#8230; En Savoir Plus Comment \u00eatre partenaire ? August 31, 2024 Comment \u00eatre partenaire ? Pour \u00eatre partenaire de nous et vendre vos produits en direct, vous devez nous contacter via notre canal Messenger. Vous pouvez nous envoyer un message directement ou cliquer&#8230; En Savoir Plus [&hellip;]<\/p>\n","protected":false},"author":1,"featured_media":0,"parent":0,"menu_order":0,"comment_status":"closed","ping_status":"closed","template":"","meta":{"footnotes":""},"class_list":["post-199","page","type-page","status-publish","hentry"],"rttpg_featured_image_url":null,"rttpg_author":{"display_name":"Admin","author_link":"https:\/\/live-project.fr\/index.php\/author\/admin\/"},"rttpg_comment":0,"rttpg_category":"","rttpg_excerpt":"TUTO FAQs August 31, 2024 FAQs &#8211; Foire Aux Questions&#8230; En Savoir Plus Comment \u00eatre partenaire ? August 31, 2024 Comment \u00eatre partenaire ? Pour \u00eatre partenaire de nous et vendre vos produits en direct, vous devez nous contacter via notre canal Messenger. Vous pouvez nous envoyer un message directement ou cliquer&#8230; En Savoir Plus&hellip;","_links":{"self":[{"href":"https:\/\/live-project.fr\/index.php\/wp-json\/wp\/v2\/pages\/199","targetHints":{"allow":["GET"]}}],"collection":[{"href":"https:\/\/live-project.fr\/index.php\/wp-json\/wp\/v2\/pages"}],"about":[{"href":"https:\/\/live-project.fr\/index.php\/wp-json\/wp\/v2\/types\/page"}],"author":[{"embeddable":true,"href":"https:\/\/live-project.fr\/index.php\/wp-json\/wp\/v2\/users\/1"}],"replies":[{"embeddable":true,"href":"https:\/\/live-project.fr\/index.php\/wp-json\/wp\/v2\/comments?post=199"}],"version-history":[{"count":26,"href":"https:\/\/live-project.fr\/index.php\/wp-json\/wp\/v2\/pages\/199\/revisions"}],"predecessor-version":[{"id":714,"href":"https:\/\/live-project.fr\/index.php\/wp-json\/wp\/v2\/pages\/199\/revisions\/714"}],"wp:attachment":[{"href":"https:\/\/live-project.fr\/index.php\/wp-json\/wp\/v2\/media?parent=199"}],"curies":[{"name":"wp","href":"https:\/\/api.w.org\/{rel}","templated":true}]}}