{"id":327,"date":"2024-08-27T16:53:16","date_gmt":"2024-08-27T16:53:16","guid":{"rendered":"https:\/\/live-project.fr\/home\/?page_id=327"},"modified":"2024-08-28T23:08:51","modified_gmt":"2024-08-28T23:08:51","slug":"about","status":"publish","type":"page","link":"https:\/\/live-project.fr\/index.php\/about\/","title":{"rendered":""},"content":{"rendered":"\t\t<div data-elementor-type=\"wp-page\" data-elementor-id=\"327\" class=\"elementor elementor-327\">\n\t\t\t\t<div class=\"elementor-element elementor-element-2d31b197 e-con-full e-flex e-con e-parent\" data-id=\"2d31b197\" data-element_type=\"container\">\n\t\t\t\t<div class=\"elementor-element elementor-element-443cd8fc elementor-widget elementor-widget-heading\" data-id=\"443cd8fc\" data-element_type=\"widget\" data-widget_type=\"heading.default\">\n\t\t\t\t<div class=\"elementor-widget-container\">\n\t\t\t<style>\/*! elementor - v3.23.0 - 05-08-2024 *\/\n.elementor-heading-title{padding:0;margin:0;line-height:1}.elementor-widget-heading .elementor-heading-title[class*=elementor-size-]>a{color:inherit;font-size:inherit;line-height:inherit}.elementor-widget-heading .elementor-heading-title.elementor-size-small{font-size:15px}.elementor-widget-heading .elementor-heading-title.elementor-size-medium{font-size:19px}.elementor-widget-heading .elementor-heading-title.elementor-size-large{font-size:29px}.elementor-widget-heading .elementor-heading-title.elementor-size-xl{font-size:39px}.elementor-widget-heading .elementor-heading-title.elementor-size-xxl{font-size:59px}<\/style><h2 class=\"elementor-heading-title elementor-size-default\">\u00c0 PROPOS DE NOUS<\/h2>\t\t<\/div>\n\t\t\t\t<\/div>\n\t\t\t\t<div class=\"elementor-element elementor-element-7e5a6df6 elementor-widget elementor-widget-text-editor\" data-id=\"7e5a6df6\" data-element_type=\"widget\" data-widget_type=\"text-editor.default\">\n\t\t\t\t<div class=\"elementor-widget-container\">\n\t\t\t<style>\/*! elementor - v3.23.0 - 05-08-2024 *\/\n.elementor-widget-text-editor.elementor-drop-cap-view-stacked .elementor-drop-cap{background-color:#69727d;color:#fff}.elementor-widget-text-editor.elementor-drop-cap-view-framed .elementor-drop-cap{color:#69727d;border:3px solid;background-color:transparent}.elementor-widget-text-editor:not(.elementor-drop-cap-view-default) .elementor-drop-cap{margin-top:8px}.elementor-widget-text-editor:not(.elementor-drop-cap-view-default) .elementor-drop-cap-letter{width:1em;height:1em}.elementor-widget-text-editor .elementor-drop-cap{float:left;text-align:center;line-height:1;font-size:50px}.elementor-widget-text-editor .elementor-drop-cap-letter{display:inline-block}<\/style>\t\t\t\t<p>Bienvenue sur Live Project, votre plateforme de vente en direct d\u00e9di\u00e9e \u00e0 connecter les commer\u00e7ants avec une audience engag\u00e9e et passionn\u00e9e. Avec une communaut\u00e9 de plus de <strong>180 000<\/strong> followers, notre mission est de cr\u00e9er des exp\u00e9riences d&#8217;achat en ligne interactives et dynamiques qui offrent aux commer\u00e7ants une visibilit\u00e9 accrue et permettent aux consommateurs de d\u00e9couvrir des produits uniques, des offres exclusives et des promotions en temps r\u00e9el.<\/p><p><span style=\"text-decoration: underline;\"><strong>Notre Histoire<\/strong><\/span><\/p><p>Live Project est n\u00e9 de la volont\u00e9 de r\u00e9volutionner la mani\u00e8re dont les produits sont vendus et achet\u00e9s en ligne. Nous croyons fermement que la vente en direct, gr\u00e2ce aux r\u00e9seaux sociaux, offre une opportunit\u00e9 unique de cr\u00e9er des liens authentiques entre les commer\u00e7ants et les clients. Depuis notre lancement, nous avons travaill\u00e9 avec de nombreux partenaires pour leur offrir une plateforme o\u00f9 ils peuvent pr\u00e9senter leurs produits, interagir directement avec les consommateurs, et r\u00e9pondre \u00e0 leurs questions en temps r\u00e9el.<\/p><p><span style=\"text-decoration: underline;\"><strong>Notre Vision<\/strong><\/span><\/p><p>Nous aspirons \u00e0 devenir la r\u00e9f\u00e9rence en mati\u00e8re de vente en direct sur les r\u00e9seaux sociaux, en proposant une plateforme intuitive et facile \u00e0 utiliser qui met l&#8217;accent sur l&#8217;engagement communautaire et l&#8217;innovation. Notre objectif est de continuer \u00e0 grandir, tout en maintenant un haut niveau de qualit\u00e9 et en restant attentifs aux besoins de nos partenaires et de notre audience.<\/p><p><span style=\"text-decoration: underline;\"><strong>Nos Services<\/strong><\/span><\/p><p>Chez Live Project, nous proposons une gamme compl\u00e8te de services pour aider les commer\u00e7ants \u00e0 maximiser leurs ventes et leur visibilit\u00e9 :<\/p><p><strong>\u2b9e Organisation de Lives :<\/strong> Nous offrons un soutien complet pour organiser des sessions de vente en direct, y compris une assistance technique et la possibilit\u00e9 d&#8217;engager une animatrice exp\u00e9riment\u00e9e.<br \/><strong>\u2b9e Promotion de Produits :<\/strong> Utilisez notre plateforme pour pr\u00e9senter vos produits \u00e0 une audience large et engag\u00e9e, et profitez de nos outils de promotion pour accro\u00eetre votre port\u00e9e.<br \/><strong>\u2b9e Support Personnalis\u00e9 :<\/strong> Notre \u00e9quipe est l\u00e0 pour vous accompagner \u00e0 chaque \u00e9tape, que ce soit pour des questions techniques ou pour optimiser vos ventes en direct.<\/p><p><span style=\"text-decoration: underline;\"><strong>Rejoignez-nous !<\/strong><\/span><\/p><p>Que vous soyez un commer\u00e7ant cherchant \u00e0 \u00e9largir votre port\u00e9e ou un consommateur \u00e0 la recherche de nouvelles d\u00e9couvertes, Live Project est l\u00e0 pour vous offrir une exp\u00e9rience unique et enrichissante. Rejoignez-nous dans cette aventure et d\u00e9couvrez la vente en direct comme jamais auparavant.<\/p>\t\t\t\t\t\t<\/div>\n\t\t\t\t<\/div>\n\t\t\t\t<\/div>\n\t\t\t\t<\/div>\n\t\t","protected":false},"excerpt":{"rendered":"<p>\u00c0 PROPOS DE NOUS Bienvenue sur Live Project, votre plateforme de vente en direct d\u00e9di\u00e9e \u00e0 connecter les commer\u00e7ants avec une audience engag\u00e9e et passionn\u00e9e. Avec une communaut\u00e9 de plus de 180 000 followers, notre mission est de cr\u00e9er des exp\u00e9riences d&#8217;achat en ligne interactives et dynamiques qui offrent aux commer\u00e7ants une visibilit\u00e9 accrue et [&hellip;]<\/p>\n","protected":false},"author":1,"featured_media":0,"parent":0,"menu_order":0,"comment_status":"closed","ping_status":"closed","template":"","meta":{"footnotes":""},"class_list":["post-327","page","type-page","status-publish","hentry"],"rttpg_featured_image_url":null,"rttpg_author":{"display_name":"Admin","author_link":"https:\/\/live-project.fr\/index.php\/author\/admin\/"},"rttpg_comment":0,"rttpg_category":null,"rttpg_excerpt":"\u00c0 PROPOS DE NOUS Bienvenue sur Live Project, votre plateforme de vente en direct d\u00e9di\u00e9e \u00e0 connecter les commer\u00e7ants avec une audience engag\u00e9e et passionn\u00e9e. Avec une communaut\u00e9 de plus de 180 000 followers, notre mission est de cr\u00e9er des exp\u00e9riences d&#8217;achat en ligne interactives et dynamiques qui offrent aux commer\u00e7ants une visibilit\u00e9 accrue et&hellip;","_links":{"self":[{"href":"https:\/\/live-project.fr\/index.php\/wp-json\/wp\/v2\/pages\/327","targetHints":{"allow":["GET"]}}],"collection":[{"href":"https:\/\/live-project.fr\/index.php\/wp-json\/wp\/v2\/pages"}],"about":[{"href":"https:\/\/live-project.fr\/index.php\/wp-json\/wp\/v2\/types\/page"}],"author":[{"embeddable":true,"href":"https:\/\/live-project.fr\/index.php\/wp-json\/wp\/v2\/users\/1"}],"replies":[{"embeddable":true,"href":"https:\/\/live-project.fr\/index.php\/wp-json\/wp\/v2\/comments?post=327"}],"version-history":[{"count":8,"href":"https:\/\/live-project.fr\/index.php\/wp-json\/wp\/v2\/pages\/327\/revisions"}],"predecessor-version":[{"id":419,"href":"https:\/\/live-project.fr\/index.php\/wp-json\/wp\/v2\/pages\/327\/revisions\/419"}],"wp:attachment":[{"href":"https:\/\/live-project.fr\/index.php\/wp-json\/wp\/v2\/media?parent=327"}],"curies":[{"name":"wp","href":"https:\/\/api.w.org\/{rel}","templated":true}]}}