{"id":616,"date":"2024-08-31T21:35:56","date_gmt":"2024-08-31T21:35:56","guid":{"rendered":"https:\/\/live-project.fr\/home\/?page_id=616"},"modified":"2024-09-15T18:29:31","modified_gmt":"2024-09-15T18:29:31","slug":"privacy-policy-2","status":"publish","type":"page","link":"https:\/\/live-project.fr\/index.php\/privacy-policy-2\/","title":{"rendered":"Privacy Policy"},"content":{"rendered":"\t\t<div data-elementor-type=\"wp-page\" data-elementor-id=\"616\" class=\"elementor elementor-616\">\n\t\t\t\t<div class=\"elementor-element elementor-element-03a5d13 e-con-full e-flex e-con e-parent\" data-id=\"03a5d13\" data-element_type=\"container\">\n\t\t\t\t<div class=\"elementor-element elementor-element-6f979b2 elementor-widget elementor-widget-heading\" data-id=\"6f979b2\" data-element_type=\"widget\" data-widget_type=\"heading.default\">\n\t\t\t\t<div class=\"elementor-widget-container\">\n\t\t\t<style>\/*! elementor - v3.23.0 - 05-08-2024 *\/\n.elementor-heading-title{padding:0;margin:0;line-height:1}.elementor-widget-heading .elementor-heading-title[class*=elementor-size-]>a{color:inherit;font-size:inherit;line-height:inherit}.elementor-widget-heading .elementor-heading-title.elementor-size-small{font-size:15px}.elementor-widget-heading .elementor-heading-title.elementor-size-medium{font-size:19px}.elementor-widget-heading .elementor-heading-title.elementor-size-large{font-size:29px}.elementor-widget-heading .elementor-heading-title.elementor-size-xl{font-size:39px}.elementor-widget-heading .elementor-heading-title.elementor-size-xxl{font-size:59px}<\/style><h2 class=\"elementor-heading-title elementor-size-default\">Politique de Confidentialit\u00e9 (Conformit\u00e9 RGPD)<\/h2>\t\t<\/div>\n\t\t\t\t<\/div>\n\t\t\t\t<div class=\"elementor-element elementor-element-93f242d elementor-widget elementor-widget-text-editor\" data-id=\"93f242d\" data-element_type=\"widget\" data-widget_type=\"text-editor.default\">\n\t\t\t\t<div class=\"elementor-widget-container\">\n\t\t\t<style>\/*! elementor - v3.23.0 - 05-08-2024 *\/\n.elementor-widget-text-editor.elementor-drop-cap-view-stacked .elementor-drop-cap{background-color:#69727d;color:#fff}.elementor-widget-text-editor.elementor-drop-cap-view-framed .elementor-drop-cap{color:#69727d;border:3px solid;background-color:transparent}.elementor-widget-text-editor:not(.elementor-drop-cap-view-default) .elementor-drop-cap{margin-top:8px}.elementor-widget-text-editor:not(.elementor-drop-cap-view-default) .elementor-drop-cap-letter{width:1em;height:1em}.elementor-widget-text-editor .elementor-drop-cap{float:left;text-align:center;line-height:1;font-size:50px}.elementor-widget-text-editor .elementor-drop-cap-letter{display:inline-block}<\/style>\t\t\t\t<p><strong>\u00a0<\/strong><strong>1. <span style=\"text-decoration: underline;\">Responsable du Traitement<\/span><\/strong><\/p><p>Le responsable du traitement des donn\u00e9es personnelles est :<br \/><strong>Martial Sebbah<\/strong>\u00a0\u00a0<br \/>SIREN : 414 363 317 \u00a0<br \/>60, rue Fran\u00e7ois 1er \u2013 75008 Paris \u00a0<br \/>Email :\u00a0<a href=\"mailto:liveproject.fr@gmail.com\" target=\"_blank\" rel=\"noopener\">liveproject.fr@gmail.com<\/a>\u00a0\u00a0<\/p><p><strong>2. <span style=\"text-decoration: underline;\">Finalit\u00e9s du Traitement<\/span><\/strong><\/p><p>Nous collectons et traitons vos donn\u00e9es personnelles pour les finalit\u00e9s suivantes :<br \/>&#8211; Gestion des demandes de contact.<br \/>&#8211; Am\u00e9lioration de notre Site et de nos services.<br \/>&#8211; Envoi d&#8217;informations sur notre entreprise, avec votre consentement.<\/p><p><strong>3. <span style=\"text-decoration: underline;\">Base L\u00e9gale du Traitement<\/span><\/strong><\/p><p>Le traitement de vos donn\u00e9es personnelles est fond\u00e9 sur :<br \/>&#8211; Votre consentement.<br \/>&#8211; L&#8217;ex\u00e9cution d&#8217;un contrat ou la pr\u00e9paration d&#8217;un contrat.<\/p><p><strong>4. <span style=\"text-decoration: underline;\">Cat\u00e9gories de Donn\u00e9es Collect\u00e9es<\/span><\/strong><\/p><p>Nous collectons les donn\u00e9es suivantes :<br \/>&#8211; Donn\u00e9es de contact (nom, email, etc.).<br \/>&#8211; Donn\u00e9es de navigation (adresse IP, cookies, etc.).<\/p><p><strong>5. <span style=\"text-decoration: underline;\">Dur\u00e9e de Conservation<\/span><\/strong><\/p><p>Vos donn\u00e9es personnelles seront conserv\u00e9es pendant la dur\u00e9e n\u00e9cessaire pour atteindre les finalit\u00e9s pour lesquelles elles ont \u00e9t\u00e9 collect\u00e9es, et conform\u00e9ment aux exigences l\u00e9gales.<\/p><p><strong>6. <span style=\"text-decoration: underline;\">Droits des Personnes Concern\u00e9es<\/span><\/strong><\/p><p>Conform\u00e9ment au RGPD, vous disposez des droits suivants :<br \/>&#8211; <strong>Droit d&#8217;acc\u00e8s<\/strong>\u00a0: Vous pouvez demander l&#8217;acc\u00e8s \u00e0 vos donn\u00e9es personnelles.<br \/>&#8211; <strong>Droit de rectification<\/strong>\u00a0: Vous pouvez demander la correction de donn\u00e9es inexactes.<br \/>&#8211; <strong>Droit \u00e0 l&#8217;effacement<\/strong>\u00a0: Vous pouvez demander la suppression de vos donn\u00e9es sous certaines conditions.<br \/>&#8211; <strong>Droit \u00e0 la limitation du traitement<\/strong>\u00a0: Vous pouvez demander de limiter le traitement de vos donn\u00e9es.<br \/>&#8211; <strong>Droit \u00e0 la portabilit\u00e9<\/strong>\u00a0: Vous pouvez demander le transfert de vos donn\u00e9es \u00e0 un autre responsable du traitement.<br \/>&#8211; <strong>Droit d&#8217;opposition<\/strong>\u00a0: Vous pouvez vous opposer au traitement de vos donn\u00e9es pour des raisons l\u00e9gitimes.<\/p><p>Pour exercer ces droits, contactez-nous \u00e0\u00a0<a href=\"mailto:liveproject.fr@gmail.com\" target=\"_blank\" rel=\"noopener\">liveproject.fr@gmail.com<\/a>.<\/p><p><strong>7. <span style=\"text-decoration: underline;\">Transferts de Donn\u00e9es<\/span><\/strong><\/p><p>Si nous transf\u00e9rons vos donn\u00e9es en dehors de l&#8217;Union Europ\u00e9enne, nous veillons \u00e0 ce que des garanties appropri\u00e9es soient mises en place pour prot\u00e9ger vos donn\u00e9es.<\/p><p><strong>8. <span style=\"text-decoration: underline;\">S\u00e9curit\u00e9 des Donn\u00e9es<\/span><\/strong><\/p><p>Nous prenons des mesures techniques et organisationnelles appropri\u00e9es pour prot\u00e9ger vos donn\u00e9es personnelles contre tout acc\u00e8s non autoris\u00e9, perte ou divulgation.<\/p><p><strong>9. <span style=\"text-decoration: underline;\">Modifications de la Politique<\/span><\/strong><\/p><p>Nous nous r\u00e9servons le droit de modifier cette politique de confidentialit\u00e9. Les modifications seront publi\u00e9es sur notre Site et entreront en vigueur imm\u00e9diatement.<\/p><p><strong>10. <span style=\"text-decoration: underline;\">Contact<\/span><\/strong><\/p><p>Pour toute question relative \u00e0 cette politique de confidentialit\u00e9 ou pour exercer vos droits, contactez-nous \u00e0\u00a0<a href=\"mailto:liveproject.fr@gmail.com\" target=\"_blank\" rel=\"noopener\">liveproject.fr@gmail.com<\/a>.<br \/>should also be accessible through a link in the footer of the website.<\/p><div>\u00a0<\/div><div><div>\u00a0<\/div><\/div>\t\t\t\t\t\t<\/div>\n\t\t\t\t<\/div>\n\t\t\t\t<\/div>\n\t\t\t\t<\/div>\n\t\t","protected":false},"excerpt":{"rendered":"<p>Politique de Confidentialit\u00e9 (Conformit\u00e9 RGPD) \u00a01. Responsable du Traitement Le responsable du traitement des donn\u00e9es personnelles est :Martial Sebbah\u00a0\u00a0SIREN : 414 363 317 \u00a060, rue Fran\u00e7ois 1er \u2013 75008 Paris \u00a0Email :\u00a0liveproject.fr@gmail.com\u00a0\u00a0 2. Finalit\u00e9s du Traitement Nous collectons et traitons vos donn\u00e9es personnelles pour les finalit\u00e9s suivantes :&#8211; Gestion des demandes de contact.&#8211; Am\u00e9lioration de [&hellip;]<\/p>\n","protected":false},"author":1,"featured_media":0,"parent":0,"menu_order":0,"comment_status":"closed","ping_status":"closed","template":"","meta":{"footnotes":""},"class_list":["post-616","page","type-page","status-publish","hentry"],"rttpg_featured_image_url":null,"rttpg_author":{"display_name":"Admin","author_link":"https:\/\/live-project.fr\/index.php\/author\/admin\/"},"rttpg_comment":0,"rttpg_category":null,"rttpg_excerpt":"Politique de Confidentialit\u00e9 (Conformit\u00e9 RGPD) \u00a01. Responsable du Traitement Le responsable du traitement des donn\u00e9es personnelles est :Martial Sebbah\u00a0\u00a0SIREN : 414 363 317 \u00a060, rue Fran\u00e7ois 1er \u2013 75008 Paris \u00a0Email :\u00a0liveproject.fr@gmail.com\u00a0\u00a0 2. Finalit\u00e9s du Traitement Nous collectons et traitons vos donn\u00e9es personnelles pour les finalit\u00e9s suivantes :&#8211; Gestion des demandes de contact.&#8211; Am\u00e9lioration de&hellip;","_links":{"self":[{"href":"https:\/\/live-project.fr\/index.php\/wp-json\/wp\/v2\/pages\/616","targetHints":{"allow":["GET"]}}],"collection":[{"href":"https:\/\/live-project.fr\/index.php\/wp-json\/wp\/v2\/pages"}],"about":[{"href":"https:\/\/live-project.fr\/index.php\/wp-json\/wp\/v2\/types\/page"}],"author":[{"embeddable":true,"href":"https:\/\/live-project.fr\/index.php\/wp-json\/wp\/v2\/users\/1"}],"replies":[{"embeddable":true,"href":"https:\/\/live-project.fr\/index.php\/wp-json\/wp\/v2\/comments?post=616"}],"version-history":[{"count":28,"href":"https:\/\/live-project.fr\/index.php\/wp-json\/wp\/v2\/pages\/616\/revisions"}],"predecessor-version":[{"id":705,"href":"https:\/\/live-project.fr\/index.php\/wp-json\/wp\/v2\/pages\/616\/revisions\/705"}],"wp:attachment":[{"href":"https:\/\/live-project.fr\/index.php\/wp-json\/wp\/v2\/media?parent=616"}],"curies":[{"name":"wp","href":"https:\/\/api.w.org\/{rel}","templated":true}]}}