{"id":678,"date":"2024-09-05T18:39:11","date_gmt":"2024-09-05T18:39:11","guid":{"rendered":"https:\/\/live-project.fr\/home\/?page_id=678"},"modified":"2024-09-15T18:28:39","modified_gmt":"2024-09-15T18:28:39","slug":"legal-notices","status":"publish","type":"page","link":"https:\/\/live-project.fr\/index.php\/legal-notices\/","title":{"rendered":"Legal Notices"},"content":{"rendered":"\t\t<div data-elementor-type=\"wp-page\" data-elementor-id=\"678\" class=\"elementor elementor-678\">\n\t\t\t\t<div class=\"elementor-element elementor-element-60903b2d e-con-full e-flex e-con e-parent\" data-id=\"60903b2d\" data-element_type=\"container\">\n\t\t\t\t<div class=\"elementor-element elementor-element-6a7776e1 elementor-widget elementor-widget-heading\" data-id=\"6a7776e1\" data-element_type=\"widget\" data-widget_type=\"heading.default\">\n\t\t\t\t<div class=\"elementor-widget-container\">\n\t\t\t<style>\/*! elementor - v3.23.0 - 05-08-2024 *\/\n.elementor-heading-title{padding:0;margin:0;line-height:1}.elementor-widget-heading .elementor-heading-title[class*=elementor-size-]>a{color:inherit;font-size:inherit;line-height:inherit}.elementor-widget-heading .elementor-heading-title.elementor-size-small{font-size:15px}.elementor-widget-heading .elementor-heading-title.elementor-size-medium{font-size:19px}.elementor-widget-heading .elementor-heading-title.elementor-size-large{font-size:29px}.elementor-widget-heading .elementor-heading-title.elementor-size-xl{font-size:39px}.elementor-widget-heading .elementor-heading-title.elementor-size-xxl{font-size:59px}<\/style><h2 class=\"elementor-heading-title elementor-size-default\">Mentions l\u00e9gales<\/h2>\t\t<\/div>\n\t\t\t\t<\/div>\n\t\t\t\t<div class=\"elementor-element elementor-element-5d1b4850 elementor-widget elementor-widget-text-editor\" data-id=\"5d1b4850\" data-element_type=\"widget\" data-widget_type=\"text-editor.default\">\n\t\t\t\t<div class=\"elementor-widget-container\">\n\t\t\t<style>\/*! elementor - v3.23.0 - 05-08-2024 *\/\n.elementor-widget-text-editor.elementor-drop-cap-view-stacked .elementor-drop-cap{background-color:#69727d;color:#fff}.elementor-widget-text-editor.elementor-drop-cap-view-framed .elementor-drop-cap{color:#69727d;border:3px solid;background-color:transparent}.elementor-widget-text-editor:not(.elementor-drop-cap-view-default) .elementor-drop-cap{margin-top:8px}.elementor-widget-text-editor:not(.elementor-drop-cap-view-default) .elementor-drop-cap-letter{width:1em;height:1em}.elementor-widget-text-editor .elementor-drop-cap{float:left;text-align:center;line-height:1;font-size:50px}.elementor-widget-text-editor .elementor-drop-cap-letter{display:inline-block}<\/style>\t\t\t\t<p>\u00a0<\/p><p><strong>1. <span style=\"text-decoration: underline;\">\u00c9diteur du Site<\/span><\/strong><\/p><p>Le site internet\u00a0<a href=\"http:\/\/www.live-project.fr\/\" target=\"_blank\" rel=\"noopener\" data-saferedirecturl=\"https:\/\/www.google.com\/url?q=http:\/\/www.live-project.fr&amp;source=gmail&amp;ust=1726510380751000&amp;usg=AOvVaw2hJpZdhpzAjUiBJhSFI_Ls\">www.live-project.fr<\/a>\u00a0(ci-apr\u00e8s d\u00e9nomm\u00e9 le &#8220;Site&#8221;) est \u00e9dit\u00e9 par :<br \/><strong>Martial Sebbah<\/strong>\u00a0\u00a0<br \/>SIREN : 414 363 317 \u00a0<br \/>60, rue Fran\u00e7ois 1er \u2013 75008 Paris \u00a0<br \/>Email :\u00a0<a href=\"mailto:liveproject.fr@gmail.com\" target=\"_blank\" rel=\"noopener\">liveproject.fr@gmail.com<\/a>\u00a0\u00a0<\/p><p><strong>2. <span style=\"text-decoration: underline;\">Directeur de la Publication<\/span><\/strong><\/p><p>Le Directeur de la publication est Martial Sebbah.<\/p><p><strong>3. <span style=\"text-decoration: underline;\">H\u00e9bergeur<\/span><\/strong><\/p><p>Le Site est h\u00e9berg\u00e9 par :<br \/><strong>OVHcloud<\/strong>\u00a0\u00a0<br \/>2 rue Kellermann \u00a0<br \/>59100 Roubaix \u00a0<br \/>France \u00a0<br \/>T\u00e9l\u00e9phone : +33 (0)9 72 10 10 07<\/p><p><strong>4. <span style=\"text-decoration: underline;\">Propri\u00e9t\u00e9 Intellectuelle<\/span><\/strong><\/p><p>Tous les \u00e9l\u00e9ments du Site (textes, images, logos, etc.) sont prot\u00e9g\u00e9s par les droits de propri\u00e9t\u00e9 intellectuelle et sont la propri\u00e9t\u00e9 exclusive de Martial Sebbah. Toute reproduction ou utilisation non autoris\u00e9e de ces \u00e9l\u00e9ments est interdite.<\/p><p><strong>5. <span style=\"text-decoration: underline;\">Responsabilit\u00e9<\/span><\/strong><\/p><p>Le Vendeur ne saurait \u00eatre tenu responsable des erreurs ou omissions pr\u00e9sentes sur le Site, ni des dommages directs ou indirects r\u00e9sultant de l&#8217;utilisation de celui-ci.<\/p>\t\t\t\t\t\t<\/div>\n\t\t\t\t<\/div>\n\t\t\t\t<\/div>\n\t\t\t\t<\/div>\n\t\t","protected":false},"excerpt":{"rendered":"<p>Mentions l\u00e9gales \u00a0 1. \u00c9diteur du Site Le site internet\u00a0www.live-project.fr\u00a0(ci-apr\u00e8s d\u00e9nomm\u00e9 le &#8220;Site&#8221;) est \u00e9dit\u00e9 par :Martial Sebbah\u00a0\u00a0SIREN : 414 363 317 \u00a060, rue Fran\u00e7ois 1er \u2013 75008 Paris \u00a0Email :\u00a0liveproject.fr@gmail.com\u00a0\u00a0 2. Directeur de la Publication Le Directeur de la publication est Martial Sebbah. 3. H\u00e9bergeur Le Site est h\u00e9berg\u00e9 par :OVHcloud\u00a0\u00a02 rue Kellermann \u00a059100 [&hellip;]<\/p>\n","protected":false},"author":1,"featured_media":0,"parent":0,"menu_order":0,"comment_status":"closed","ping_status":"closed","template":"","meta":{"footnotes":""},"class_list":["post-678","page","type-page","status-publish","hentry"],"rttpg_featured_image_url":null,"rttpg_author":{"display_name":"Admin","author_link":"https:\/\/live-project.fr\/index.php\/author\/admin\/"},"rttpg_comment":0,"rttpg_category":null,"rttpg_excerpt":"Mentions l\u00e9gales \u00a0 1. \u00c9diteur du Site Le site internet\u00a0www.live-project.fr\u00a0(ci-apr\u00e8s d\u00e9nomm\u00e9 le &#8220;Site&#8221;) est \u00e9dit\u00e9 par :Martial Sebbah\u00a0\u00a0SIREN : 414 363 317 \u00a060, rue Fran\u00e7ois 1er \u2013 75008 Paris \u00a0Email :\u00a0liveproject.fr@gmail.com\u00a0\u00a0 2. Directeur de la Publication Le Directeur de la publication est Martial Sebbah. 3. H\u00e9bergeur Le Site est h\u00e9berg\u00e9 par :OVHcloud\u00a0\u00a02 rue Kellermann \u00a059100&hellip;","_links":{"self":[{"href":"https:\/\/live-project.fr\/index.php\/wp-json\/wp\/v2\/pages\/678","targetHints":{"allow":["GET"]}}],"collection":[{"href":"https:\/\/live-project.fr\/index.php\/wp-json\/wp\/v2\/pages"}],"about":[{"href":"https:\/\/live-project.fr\/index.php\/wp-json\/wp\/v2\/types\/page"}],"author":[{"embeddable":true,"href":"https:\/\/live-project.fr\/index.php\/wp-json\/wp\/v2\/users\/1"}],"replies":[{"embeddable":true,"href":"https:\/\/live-project.fr\/index.php\/wp-json\/wp\/v2\/comments?post=678"}],"version-history":[{"count":7,"href":"https:\/\/live-project.fr\/index.php\/wp-json\/wp\/v2\/pages\/678\/revisions"}],"predecessor-version":[{"id":702,"href":"https:\/\/live-project.fr\/index.php\/wp-json\/wp\/v2\/pages\/678\/revisions\/702"}],"wp:attachment":[{"href":"https:\/\/live-project.fr\/index.php\/wp-json\/wp\/v2\/media?parent=678"}],"curies":[{"name":"wp","href":"https:\/\/api.w.org\/{rel}","templated":true}]}}