{"id":686,"date":"2024-09-15T18:19:40","date_gmt":"2024-09-15T18:19:40","guid":{"rendered":"https:\/\/live-project.fr\/home\/?page_id=686"},"modified":"2024-09-15T18:23:29","modified_gmt":"2024-09-15T18:23:29","slug":"condition-acceptance","status":"publish","type":"page","link":"https:\/\/live-project.fr\/index.php\/condition-acceptance\/","title":{"rendered":"Condition Acceptance"},"content":{"rendered":"\t\t<div data-elementor-type=\"wp-page\" data-elementor-id=\"686\" class=\"elementor elementor-686\">\n\t\t\t\t<div class=\"elementor-element elementor-element-7e588d27 e-con-full e-flex e-con e-parent\" data-id=\"7e588d27\" data-element_type=\"container\">\n\t\t\t\t<div class=\"elementor-element elementor-element-2934e67f elementor-widget elementor-widget-heading\" data-id=\"2934e67f\" data-element_type=\"widget\" data-widget_type=\"heading.default\">\n\t\t\t\t<div class=\"elementor-widget-container\">\n\t\t\t<style>\/*! elementor - v3.23.0 - 05-08-2024 *\/\n.elementor-heading-title{padding:0;margin:0;line-height:1}.elementor-widget-heading .elementor-heading-title[class*=elementor-size-]>a{color:inherit;font-size:inherit;line-height:inherit}.elementor-widget-heading .elementor-heading-title.elementor-size-small{font-size:15px}.elementor-widget-heading .elementor-heading-title.elementor-size-medium{font-size:19px}.elementor-widget-heading .elementor-heading-title.elementor-size-large{font-size:29px}.elementor-widget-heading .elementor-heading-title.elementor-size-xl{font-size:39px}.elementor-widget-heading .elementor-heading-title.elementor-size-xxl{font-size:59px}<\/style><h2 class=\"elementor-heading-title elementor-size-default\">Conditions d'Utilisation<\/h2>\t\t<\/div>\n\t\t\t\t<\/div>\n\t\t\t\t<div class=\"elementor-element elementor-element-6b0036ce elementor-widget elementor-widget-text-editor\" data-id=\"6b0036ce\" data-element_type=\"widget\" data-widget_type=\"text-editor.default\">\n\t\t\t\t<div class=\"elementor-widget-container\">\n\t\t\t<style>\/*! elementor - v3.23.0 - 05-08-2024 *\/\n.elementor-widget-text-editor.elementor-drop-cap-view-stacked .elementor-drop-cap{background-color:#69727d;color:#fff}.elementor-widget-text-editor.elementor-drop-cap-view-framed .elementor-drop-cap{color:#69727d;border:3px solid;background-color:transparent}.elementor-widget-text-editor:not(.elementor-drop-cap-view-default) .elementor-drop-cap{margin-top:8px}.elementor-widget-text-editor:not(.elementor-drop-cap-view-default) .elementor-drop-cap-letter{width:1em;height:1em}.elementor-widget-text-editor .elementor-drop-cap{float:left;text-align:center;line-height:1;font-size:50px}.elementor-widget-text-editor .elementor-drop-cap-letter{display:inline-block}<\/style>\t\t\t\t<p>\u00a0<\/p><p><strong>1. <span style=\"text-decoration: underline;\">Acceptation des Conditions<\/span><\/strong><\/p><p>En acc\u00e9dant et en utilisant le Site\u00a0<a href=\"http:\/\/www.live-project.fr\/\" target=\"_blank\" rel=\"noopener\" data-saferedirecturl=\"https:\/\/www.google.com\/url?q=http:\/\/www.live-project.fr&amp;source=gmail&amp;ust=1726510380751000&amp;usg=AOvVaw2hJpZdhpzAjUiBJhSFI_Ls\">www.live-project.fr<\/a>, vous acceptez les pr\u00e9sentes Conditions d&#8217;Utilisation.<\/p><p><strong>2. <span style=\"text-decoration: underline;\">Utilisation du Site<\/span><\/strong><\/p><p>Vous vous engagez \u00e0 utiliser le Site conform\u00e9ment \u00e0 la l\u00e9gislation en vigueur et \u00e0 ne pas en faire un usage ill\u00e9gal ou nuisible.<\/p><p><strong>3. <span style=\"text-decoration: underline;\">Propri\u00e9t\u00e9 Intellectuelle<\/span><\/strong><\/p><p>Tous les \u00e9l\u00e9ments du Site sont prot\u00e9g\u00e9s par des droits de propri\u00e9t\u00e9 intellectuelle. Toute utilisation non autoris\u00e9e est interdite.<\/p><p><strong>4. <span style=\"text-decoration: underline;\">Responsabilit\u00e9<\/span><\/strong><\/p><p>Le Vendeur ne saurait \u00eatre tenu responsable des dommages directs ou indirects r\u00e9sultant de l&#8217;utilisation du Site.<\/p><p><strong>5. <span style=\"text-decoration: underline;\">Modifications<\/span><\/strong><\/p><p>Nous nous r\u00e9servons le droit de modifier les pr\u00e9sentes Conditions d&#8217;Utilisation \u00e0 tout moment. Les modifications entreront en vigueur d\u00e8s leur publication sur le Site.<\/p><p><strong>6. <span style=\"text-decoration: underline;\">Loi Applicable<\/span><\/strong><\/p><p>Les pr\u00e9sentes Conditions d&#8217;Utilisation sont r\u00e9gies par la loi fran\u00e7aise. Tout litige sera soumis aux tribunaux comp\u00e9tents de Marseille.<\/p>\t\t\t\t\t\t<\/div>\n\t\t\t\t<\/div>\n\t\t\t\t<\/div>\n\t\t\t\t<\/div>\n\t\t","protected":false},"excerpt":{"rendered":"<p>Conditions d&#8217;Utilisation \u00a0 1. Acceptation des Conditions En acc\u00e9dant et en utilisant le Site\u00a0www.live-project.fr, vous acceptez les pr\u00e9sentes Conditions d&#8217;Utilisation. 2. Utilisation du Site Vous vous engagez \u00e0 utiliser le Site conform\u00e9ment \u00e0 la l\u00e9gislation en vigueur et \u00e0 ne pas en faire un usage ill\u00e9gal ou nuisible. 3. Propri\u00e9t\u00e9 Intellectuelle Tous les \u00e9l\u00e9ments du [&hellip;]<\/p>\n","protected":false},"author":1,"featured_media":0,"parent":0,"menu_order":0,"comment_status":"closed","ping_status":"closed","template":"","meta":{"footnotes":""},"class_list":["post-686","page","type-page","status-publish","hentry"],"rttpg_featured_image_url":null,"rttpg_author":{"display_name":"Admin","author_link":"https:\/\/live-project.fr\/index.php\/author\/admin\/"},"rttpg_comment":0,"rttpg_category":null,"rttpg_excerpt":"Conditions d&#8217;Utilisation \u00a0 1. Acceptation des Conditions En acc\u00e9dant et en utilisant le Site\u00a0www.live-project.fr, vous acceptez les pr\u00e9sentes Conditions d&#8217;Utilisation. 2. Utilisation du Site Vous vous engagez \u00e0 utiliser le Site conform\u00e9ment \u00e0 la l\u00e9gislation en vigueur et \u00e0 ne pas en faire un usage ill\u00e9gal ou nuisible. 3. Propri\u00e9t\u00e9 Intellectuelle Tous les \u00e9l\u00e9ments du&hellip;","_links":{"self":[{"href":"https:\/\/live-project.fr\/index.php\/wp-json\/wp\/v2\/pages\/686","targetHints":{"allow":["GET"]}}],"collection":[{"href":"https:\/\/live-project.fr\/index.php\/wp-json\/wp\/v2\/pages"}],"about":[{"href":"https:\/\/live-project.fr\/index.php\/wp-json\/wp\/v2\/types\/page"}],"author":[{"embeddable":true,"href":"https:\/\/live-project.fr\/index.php\/wp-json\/wp\/v2\/users\/1"}],"replies":[{"embeddable":true,"href":"https:\/\/live-project.fr\/index.php\/wp-json\/wp\/v2\/comments?post=686"}],"version-history":[{"count":4,"href":"https:\/\/live-project.fr\/index.php\/wp-json\/wp\/v2\/pages\/686\/revisions"}],"predecessor-version":[{"id":692,"href":"https:\/\/live-project.fr\/index.php\/wp-json\/wp\/v2\/pages\/686\/revisions\/692"}],"wp:attachment":[{"href":"https:\/\/live-project.fr\/index.php\/wp-json\/wp\/v2\/media?parent=686"}],"curies":[{"name":"wp","href":"https:\/\/api.w.org\/{rel}","templated":true}]}}