{"id":693,"date":"2024-09-15T18:24:35","date_gmt":"2024-09-15T18:24:35","guid":{"rendered":"https:\/\/live-project.fr\/home\/?page_id=693"},"modified":"2024-09-15T18:27:57","modified_gmt":"2024-09-15T18:27:57","slug":"cookie-policy","status":"publish","type":"page","link":"https:\/\/live-project.fr\/index.php\/cookie-policy\/","title":{"rendered":"Cookie Policy"},"content":{"rendered":"\t\t<div data-elementor-type=\"wp-page\" data-elementor-id=\"693\" class=\"elementor elementor-693\">\n\t\t\t\t<div class=\"elementor-element elementor-element-3c4f9200 e-con-full e-flex e-con e-parent\" data-id=\"3c4f9200\" data-element_type=\"container\">\n\t\t\t\t<div class=\"elementor-element elementor-element-6e125741 elementor-widget elementor-widget-heading\" data-id=\"6e125741\" data-element_type=\"widget\" data-widget_type=\"heading.default\">\n\t\t\t\t<div class=\"elementor-widget-container\">\n\t\t\t<style>\/*! elementor - v3.23.0 - 05-08-2024 *\/\n.elementor-heading-title{padding:0;margin:0;line-height:1}.elementor-widget-heading .elementor-heading-title[class*=elementor-size-]>a{color:inherit;font-size:inherit;line-height:inherit}.elementor-widget-heading .elementor-heading-title.elementor-size-small{font-size:15px}.elementor-widget-heading .elementor-heading-title.elementor-size-medium{font-size:19px}.elementor-widget-heading .elementor-heading-title.elementor-size-large{font-size:29px}.elementor-widget-heading .elementor-heading-title.elementor-size-xl{font-size:39px}.elementor-widget-heading .elementor-heading-title.elementor-size-xxl{font-size:59px}<\/style><h2 class=\"elementor-heading-title elementor-size-default\">Politique sur les Cookies<\/h2>\t\t<\/div>\n\t\t\t\t<\/div>\n\t\t\t\t<div class=\"elementor-element elementor-element-168c78de elementor-widget elementor-widget-text-editor\" data-id=\"168c78de\" data-element_type=\"widget\" data-widget_type=\"text-editor.default\">\n\t\t\t\t<div class=\"elementor-widget-container\">\n\t\t\t<style>\/*! elementor - v3.23.0 - 05-08-2024 *\/\n.elementor-widget-text-editor.elementor-drop-cap-view-stacked .elementor-drop-cap{background-color:#69727d;color:#fff}.elementor-widget-text-editor.elementor-drop-cap-view-framed .elementor-drop-cap{color:#69727d;border:3px solid;background-color:transparent}.elementor-widget-text-editor:not(.elementor-drop-cap-view-default) .elementor-drop-cap{margin-top:8px}.elementor-widget-text-editor:not(.elementor-drop-cap-view-default) .elementor-drop-cap-letter{width:1em;height:1em}.elementor-widget-text-editor .elementor-drop-cap{float:left;text-align:center;line-height:1;font-size:50px}.elementor-widget-text-editor .elementor-drop-cap-letter{display:inline-block}<\/style>\t\t\t\t<p><strong>1. <span style=\"text-decoration: underline;\">Introduction<\/span><\/strong><br \/><br \/>Le Site utilise des cookies pour am\u00e9liorer votre exp\u00e9rience sur notre site. Cette politique explique ce que sont les cookies et comment nous les utilisons.<br \/><br \/><strong>2. <span style=\"text-decoration: underline;\">Qu&#8217;est-ce qu&#8217;un Cookie ?<\/span><\/strong><br \/><br \/>Un cookie est un fichier texte stock\u00e9 sur votre appareil lors de votre visite sur un site web. Les cookies permettent de reconna\u00eetre votre appareil lors de vos prochaines visites.<br \/><br \/><strong>3. <span style=\"text-decoration: underline;\">Types de Cookies Utilis\u00e9s<\/span><\/strong><br \/><br \/>&#8211; <strong>Cookies Essentiels<\/strong>\u00a0: N\u00e9cessaires au bon fonctionnement du Site.<br \/>&#8211; <strong>Cookies de Performance<\/strong>\u00a0: Permettent d&#8217;analyser la fr\u00e9quentation du Site et d&#8217;en am\u00e9liorer les performances.<br \/>&#8211; <strong>Cookies Fonctionnels<\/strong>\u00a0: Permettent de personnaliser votre exp\u00e9rience sur le Site.<br \/><br \/><strong>4. <span style=\"text-decoration: underline;\">Gestion des Cookies<\/span><\/strong><br \/><br \/>Vous pouvez g\u00e9rer vos pr\u00e9f\u00e9rences en mati\u00e8re de cookies via les param\u00e8tres de votre navigateur. Vous pouvez \u00e9galement supprimer les cookies existants.<br \/><br \/><strong>5. <span style=\"text-decoration: underline;\">Consentement<\/span><\/strong><br \/><br \/>En continuant \u00e0 utiliser le Site, vous acceptez l&#8217;utilisation des cookies tels que d\u00e9crits dans cette politique.<br \/><br \/><strong>6. <span style=\"text-decoration: underline;\">Contact<\/span><\/strong><br \/><br \/>Pour toute question concernant notre politique sur les cookies, contactez-nous \u00e0\u00a0<a href=\"mailto:liveproject.fr@gmail.com\" target=\"_blank\" rel=\"noopener\">liveproject.fr@gmail.com<\/a>.<\/p>\t\t\t\t\t\t<\/div>\n\t\t\t\t<\/div>\n\t\t\t\t<\/div>\n\t\t\t\t<\/div>\n\t\t","protected":false},"excerpt":{"rendered":"<p>Politique sur les Cookies 1. Introduction Le Site utilise des cookies pour am\u00e9liorer votre exp\u00e9rience sur notre site. Cette politique explique ce que sont les cookies et comment nous les utilisons. 2. Qu&#8217;est-ce qu&#8217;un Cookie ? Un cookie est un fichier texte stock\u00e9 sur votre appareil lors de votre visite sur un site web. Les [&hellip;]<\/p>\n","protected":false},"author":1,"featured_media":0,"parent":0,"menu_order":0,"comment_status":"closed","ping_status":"closed","template":"","meta":{"footnotes":""},"class_list":["post-693","page","type-page","status-publish","hentry"],"rttpg_featured_image_url":null,"rttpg_author":{"display_name":"Admin","author_link":"https:\/\/live-project.fr\/index.php\/author\/admin\/"},"rttpg_comment":0,"rttpg_category":null,"rttpg_excerpt":"Politique sur les Cookies 1. Introduction Le Site utilise des cookies pour am\u00e9liorer votre exp\u00e9rience sur notre site. Cette politique explique ce que sont les cookies et comment nous les utilisons. 2. Qu&#8217;est-ce qu&#8217;un Cookie ? Un cookie est un fichier texte stock\u00e9 sur votre appareil lors de votre visite sur un site web. Les&hellip;","_links":{"self":[{"href":"https:\/\/live-project.fr\/index.php\/wp-json\/wp\/v2\/pages\/693","targetHints":{"allow":["GET"]}}],"collection":[{"href":"https:\/\/live-project.fr\/index.php\/wp-json\/wp\/v2\/pages"}],"about":[{"href":"https:\/\/live-project.fr\/index.php\/wp-json\/wp\/v2\/types\/page"}],"author":[{"embeddable":true,"href":"https:\/\/live-project.fr\/index.php\/wp-json\/wp\/v2\/users\/1"}],"replies":[{"embeddable":true,"href":"https:\/\/live-project.fr\/index.php\/wp-json\/wp\/v2\/comments?post=693"}],"version-history":[{"count":4,"href":"https:\/\/live-project.fr\/index.php\/wp-json\/wp\/v2\/pages\/693\/revisions"}],"predecessor-version":[{"id":699,"href":"https:\/\/live-project.fr\/index.php\/wp-json\/wp\/v2\/pages\/693\/revisions\/699"}],"wp:attachment":[{"href":"https:\/\/live-project.fr\/index.php\/wp-json\/wp\/v2\/media?parent=693"}],"curies":[{"name":"wp","href":"https:\/\/api.w.org\/{rel}","templated":true}]}}